{"id":15717,"date":"2024-12-10T20:03:09","date_gmt":"2024-12-10T19:03:09","guid":{"rendered":"https:\/\/starkids.cz\/?page_id=15717"},"modified":"2025-04-24T16:10:22","modified_gmt":"2025-04-24T14:10:22","slug":"spritzgiesen","status":"publish","type":"page","link":"https:\/\/smwe.cz\/de\/spritzgiesen\/","title":{"rendered":"Spritzgie\u00dfen von Kunststoffen"},"content":{"rendered":"\t\t<div data-elementor-type=\"wp-page\" data-elementor-id=\"15717\" class=\"elementor elementor-15717\">\n\t\t\t\t<div class=\"elementor-element elementor-element-09f82e0 e-flex e-con-boxed e-con e-parent\" data-id=\"09f82e0\" data-element_type=\"container\">\n\t\t\t\t\t<div class=\"e-con-inner\">\n\t\t<div class=\"elementor-element elementor-element-84c4196 e-con-full e-flex e-con e-child\" data-id=\"84c4196\" data-element_type=\"container\">\n\t\t<div class=\"elementor-element elementor-element-337e9c6 e-con-full e-flex e-con e-child\" data-id=\"337e9c6\" data-element_type=\"container\">\n\t\t\t\t<div class=\"elementor-element elementor-element-183501c elementor-widget elementor-widget-image\" data-id=\"183501c\" data-element_type=\"widget\" data-widget_type=\"image.default\">\n\t\t\t\t<div class=\"elementor-widget-container\">\n\t\t\t\t\t\t\t\t\t\t\t\t\t<img decoding=\"async\" src=\"https:\/\/thepixelcurve.com\/wp\/techwix\/wp-content\/uploads\/2024\/05\/STU868.jpg\" title=\"\" alt=\"\" loading=\"lazy\" \/>\t\t\t\t\t\t\t\t\t\t\t\t\t<\/div>\n\t\t\t\t<\/div>\n\t\t\t\t<\/div>\n\t\t\t\t<div class=\"elementor-element elementor-element-4001c4f elementor-widget elementor-widget-custom-title-addons\" data-id=\"4001c4f\" data-element_type=\"widget\" data-widget_type=\"custom-title-addons.default\">\n\t\t\t\t<div class=\"elementor-widget-container\">\n\t\t\t<div class=\"tpc-double_heading\"><h3 class=\"dbl__title-wrapper\"><span class=\"dbl__title dbl-title_1\">Spritzgie\u00dfen von Kunststoffen<\/span><\/h3><\/div>\t\t<\/div>\n\t\t\t\t<\/div>\n\t\t\t\t<div class=\"elementor-element elementor-element-c327a3b elementor-widget elementor-widget-text-editor\" data-id=\"c327a3b\" data-element_type=\"widget\" data-widget_type=\"text-editor.default\">\n\t\t\t\t<div class=\"elementor-widget-container\">\n\t\t\t\t\t\t\t<p class=\"\" data-start=\"0\" data-end=\"73\"><strong>Die Firma System management welfare s.r.o. stellt Kunststoffprodukte her.<\/strong><\/p><p class=\"\" data-start=\"75\" data-end=\"89\">Wir bieten an:<\/p><ul><li>Serien- und Massenproduktion von Kunststoffteilen nach Kundendurchf\u00fchrungen<\/li><li>Herstellung von Kunststoffteilen mit eigenen Formen<\/li><li>Zusatzoperationen \u2013 Montage der hergestellten Teile<\/li><li>Konstruktion und Herstellung von Teilen nach Ihren Zeichnungen oder Mustern<\/li><\/ul>\t\t\t\t\t\t<\/div>\n\t\t\t\t<\/div>\n\t\t\t\t<div class=\"elementor-element elementor-element-4810f68 elementor-widget elementor-widget-text-editor\" data-id=\"4810f68\" data-element_type=\"widget\" data-widget_type=\"text-editor.default\">\n\t\t\t\t<div class=\"elementor-widget-container\">\n\t\t\t\t\t\t\t<p class=\"\" data-start=\"0\" data-end=\"200\">Unser Unternehmen verf\u00fcgt \u00fcber umfangreiche Erfahrungen in der Herstellung von Kunststoffprodukten, was es uns erm\u00f6glicht, beim Feinabstimmen der Technologien einen minimalen Fehleranteil zu erzielen.<\/p><p class=\"\" data-start=\"202\" data-end=\"414\">Unser Unternehmen stellt nicht nur Kunststoffteile nach Kundenwunsch her, sondern entwickelt auch eigene Produkte, wie zum Beispiel Rechen oder Verschl\u00fcsse f\u00fcr Kanister mit einem Volumen von 5, 10, 20, 50 Litern.<\/p>\t\t\t\t\t\t<\/div>\n\t\t\t\t<\/div>\n\t\t<div class=\"elementor-element elementor-element-f9340a5 e-con-full e-flex e-con e-child\" data-id=\"f9340a5\" data-element_type=\"container\">\n\t\t\t\t<div class=\"elementor-element elementor-element-cfb70e6 elementor-arrows-position-inside elementor-pagination-position-outside elementor-widget elementor-widget-image-carousel\" data-id=\"cfb70e6\" data-element_type=\"widget\" data-settings=\"{&quot;navigation&quot;:&quot;both&quot;,&quot;autoplay&quot;:&quot;yes&quot;,&quot;pause_on_hover&quot;:&quot;yes&quot;,&quot;pause_on_interaction&quot;:&quot;yes&quot;,&quot;autoplay_speed&quot;:5000,&quot;infinite&quot;:&quot;yes&quot;,&quot;speed&quot;:500}\" data-widget_type=\"image-carousel.default\">\n\t\t\t\t<div class=\"elementor-widget-container\">\n\t\t\t\t\t<div class=\"elementor-image-carousel-wrapper swiper\" dir=\"ltr\">\n\t\t\t<div class=\"elementor-image-carousel swiper-wrapper\" aria-live=\"off\">\n\t\t\t\t\t\t\t\t<div class=\"swiper-slide\" role=\"group\" aria-roledescription=\"slide\" aria-label=\"1 z 3\"><figure class=\"swiper-slide-inner\"><img decoding=\"async\" class=\"swiper-slide-image\" src=\"https:\/\/smwe.cz\/de\/wp-content\/uploads\/sites\/4\/elementor\/thumbs\/plasty-1-r4sln9p4xkh3by1v0uhnsawop3z3la4luogan85qzg.jpg\" alt=\"plasty\" \/><\/figure><\/div><div class=\"swiper-slide\" role=\"group\" aria-roledescription=\"slide\" aria-label=\"2 z 3\"><figure class=\"swiper-slide-inner\"><img decoding=\"async\" class=\"swiper-slide-image\" src=\"https:\/\/smwe.cz\/de\/wp-content\/uploads\/sites\/4\/elementor\/thumbs\/plasty2-r4sln9p4xkh3by1v0uhnsawop3z3la4luogan85qzg.jpg\" alt=\"plasty2\" \/><\/figure><\/div><div class=\"swiper-slide\" role=\"group\" aria-roledescription=\"slide\" aria-label=\"3 z 3\"><figure class=\"swiper-slide-inner\"><img decoding=\"async\" class=\"swiper-slide-image\" src=\"https:\/\/smwe.cz\/de\/wp-content\/uploads\/sites\/4\/elementor\/thumbs\/plasty3-r4sln9p4xkh3by1v0uhnsawop3z3la4luogan85qzg.jpg\" alt=\"plasty3\" \/><\/figure><\/div>\t\t\t<\/div>\n\t\t\t\t\t\t\t\t\t\t\t\t<div class=\"elementor-swiper-button elementor-swiper-button-prev\" role=\"button\" tabindex=\"0\">\n\t\t\t\t\t\t<svg aria-hidden=\"true\" class=\"e-font-icon-svg e-eicon-chevron-left\" viewBox=\"0 0 1000 1000\" xmlns=\"http:\/\/www.w3.org\/2000\/svg\"><path d=\"M646 125C629 125 613 133 604 142L308 442C296 454 292 471 292 487 292 504 296 521 308 533L604 854C617 867 629 875 646 875 663 875 679 871 692 858 704 846 713 829 713 812 713 796 708 779 692 767L438 487 692 225C700 217 708 204 708 187 708 171 704 154 692 142 675 129 663 125 646 125Z\"><\/path><\/svg>\t\t\t\t\t<\/div>\n\t\t\t\t\t<div class=\"elementor-swiper-button elementor-swiper-button-next\" role=\"button\" tabindex=\"0\">\n\t\t\t\t\t\t<svg aria-hidden=\"true\" class=\"e-font-icon-svg e-eicon-chevron-right\" viewBox=\"0 0 1000 1000\" xmlns=\"http:\/\/www.w3.org\/2000\/svg\"><path d=\"M696 533C708 521 713 504 713 487 713 471 708 454 696 446L400 146C388 133 375 125 354 125 338 125 325 129 313 142 300 154 292 171 292 187 292 204 296 221 308 233L563 492 304 771C292 783 288 800 288 817 288 833 296 850 308 863 321 871 338 875 354 875 371 875 388 867 400 854L696 533Z\"><\/path><\/svg>\t\t\t\t\t<\/div>\n\t\t\t\t\n\t\t\t\t\t\t\t\t\t<div class=\"swiper-pagination\"><\/div>\n\t\t\t\t\t\t\t\t\t<\/div>\n\t\t\t\t<\/div>\n\t\t\t\t<\/div>\n\t\t\t\t<\/div>\n\t\t\t\t<div class=\"elementor-element elementor-element-5836c16 elementor-widget elementor-widget-custom-title-addons\" data-id=\"5836c16\" data-element_type=\"widget\" data-widget_type=\"custom-title-addons.default\">\n\t\t\t\t<div class=\"elementor-widget-container\">\n\t\t\t<div class=\"tpc-double_heading\"><h3 class=\"dbl__title-wrapper\"><span class=\"dbl__title dbl-title_1\">Die Produktionsm\u00f6glichkeiten von SMW umfassen<\/span><\/h3><\/div>\t\t<\/div>\n\t\t\t\t<\/div>\n\t\t\t\t<div class=\"elementor-element elementor-element-4aaaad7 elementor-widget elementor-widget-text-editor\" data-id=\"4aaaad7\" data-element_type=\"widget\" data-widget_type=\"text-editor.default\">\n\t\t\t\t<div class=\"elementor-widget-container\">\n\t\t\t\t\t\t\t<p>Unten finden Sie die spezifizierten Produktionsm\u00f6glichkeiten von SMW:<\/p>\t\t\t\t\t\t<\/div>\n\t\t\t\t<\/div>\n\t\t\t\t<div class=\"elementor-element elementor-element-5beccfa elementor-invisible elementor-widget elementor-widget-techwix-accordion\" data-id=\"5beccfa\" data-element_type=\"widget\" data-settings=\"{&quot;_animation&quot;:&quot;techwix--slide-up&quot;}\" data-widget_type=\"techwix-accordion.default\">\n\t\t\t\t<div class=\"elementor-widget-container\">\n\t\t\t<div class=\"accordion\" data-settings=\"{&quot;accordion_id&quot;:&quot;5beccfa&quot;}\" data-close-all=\"false\" data-open-item=\"0\"><div class=\"single_accordion techwix-icon-align-right\"><div class=\"techwix-accordion-header techwix-accordion-header5beccfa\"><h4 class=\"accordion-title\" >Spritzgie\u00dfen von Kunststoffen<\/h4><span class=\"accordion-icon icon-right\"><\/span><\/div><div class=\"accordion-body accordion-body5beccfa\"><div class=\"accordion-content\"><ul><li>Schlie\u00dfkraft 120 t, 251 cm\u00b3, 720 x 680 mm<\/li><\/ul><\/div><\/div><\/div><\/div>\t\t<\/div>\n\t\t\t\t<\/div>\n\t\t\t\t<\/div>\n\t\t<div class=\"elementor-element elementor-element-447fa99 e-con-full e-transform e-flex e-con e-child\" data-id=\"447fa99\" data-element_type=\"container\" data-settings=\"{&quot;_transform_translateY_effect&quot;:{&quot;unit&quot;:&quot;px&quot;,&quot;size&quot;:70,&quot;sizes&quot;:[]},&quot;_transform_translateX_effect&quot;:{&quot;unit&quot;:&quot;px&quot;,&quot;size&quot;:&quot;&quot;,&quot;sizes&quot;:[]},&quot;_transform_translateX_effect_tablet&quot;:{&quot;unit&quot;:&quot;px&quot;,&quot;size&quot;:&quot;&quot;,&quot;sizes&quot;:[]},&quot;_transform_translateX_effect_mobile&quot;:{&quot;unit&quot;:&quot;px&quot;,&quot;size&quot;:&quot;&quot;,&quot;sizes&quot;:[]},&quot;_transform_translateY_effect_tablet&quot;:{&quot;unit&quot;:&quot;px&quot;,&quot;size&quot;:&quot;&quot;,&quot;sizes&quot;:[]},&quot;_transform_translateY_effect_mobile&quot;:{&quot;unit&quot;:&quot;px&quot;,&quot;size&quot;:&quot;&quot;,&quot;sizes&quot;:[]}}\">\n\t\t<div class=\"elementor-element elementor-element-8c03f57 e-con-full e-flex e-con e-child\" data-id=\"8c03f57\" data-element_type=\"container\">\n\t\t\t\t<div class=\"elementor-element elementor-element-d3b05f8 elementor-widget elementor-widget-custom-title-addons\" data-id=\"d3b05f8\" data-element_type=\"widget\" data-widget_type=\"custom-title-addons.default\">\n\t\t\t\t<div class=\"elementor-widget-container\">\n\t\t\t<div class=\"tpc-double_heading\"><h3 class=\"dbl__title-wrapper\"><span class=\"dbl__title dbl-title_1\">Unsere Dienstleistungen<\/span><\/h3><\/div>\t\t<\/div>\n\t\t\t\t<\/div>\n\t\t\t\t<div class=\"elementor-element elementor-element-94e09f6 elementor-widget elementor-widget-techwix-menu-list\" data-id=\"94e09f6\" data-element_type=\"widget\" data-widget_type=\"techwix-menu-list.default\">\n\t\t\t\t<div class=\"elementor-widget-container\">\n\t\t\t<div class=\"techwix-el-single-depth-menu\"><nav class=\"techwix-el-menu-list\"><ul id=\"menu-1-94e09f6\" class=\"techwix-nav-dropdown-menu\"><li id=\"menu-item-15658\" class=\"menu-item menu-item-type-post_type menu-item-object-page menu-item-15658\"><a href=\"https:\/\/smwe.cz\/de\/metallbearbeitung\/\">Metallbearbeitung<\/a><\/li>\n<li id=\"menu-item-15657\" class=\"menu-item menu-item-type-post_type menu-item-object-page menu-item-15657\"><a href=\"https:\/\/smwe.cz\/de\/automatisierung\/\">Automatisierung<\/a><\/li>\n<li id=\"menu-item-16188\" class=\"menu-item menu-item-type-post_type menu-item-object-page menu-item-16188\"><a href=\"https:\/\/smwe.cz\/de\/spritzgiesen\/\">Spritzgie\u00dfen von Kunststoffen<\/a><\/li>\n<li id=\"menu-item-16189\" class=\"menu-item menu-item-type-custom menu-item-object-custom menu-item-16189\"><a target=\"_blank\" href=\"https:\/\/www.elvuz.cz\/\">Elektrowagen<\/a><\/li>\n<\/ul><\/nav><\/div>\t\t<\/div>\n\t\t\t\t<\/div>\n\t\t\t\t<\/div>\n\t\t<div class=\"elementor-element elementor-element-878f2b1 e-con-full e-flex e-con e-child\" data-id=\"878f2b1\" data-element_type=\"container\" data-settings=\"{&quot;background_background&quot;:&quot;classic&quot;}\">\n\t\t\t\t<div class=\"elementor-element elementor-element-8b68b12 elementor-widget elementor-widget-custom-title-addons\" data-id=\"8b68b12\" data-element_type=\"widget\" data-widget_type=\"custom-title-addons.default\">\n\t\t\t\t<div class=\"elementor-widget-container\">\n\t\t\t<div class=\"tpc-double_heading\"><h3 class=\"dbl__title-wrapper\"><span class=\"dbl__title dbl-title_1\">Haben Sie Fragen zu unseren Dienstleistungen? Z\u00f6gern Sie nicht, uns zu kontaktieren.<\/span><\/h3><\/div>\t\t<\/div>\n\t\t\t\t<\/div>\n\t\t\t\t<div class=\"elementor-element elementor-element-9e77573 elementor-widget elementor-widget-techwix-button\" data-id=\"9e77573\" data-element_type=\"widget\" data-widget_type=\"techwix-button.default\">\n\t\t\t\t<div class=\"elementor-widget-container\">\n\t\t\t<div class=\"techwix-button-widget-wrapper\"><a class=\"techwix-btn techwix-btn-size-medium style-1\" href=\"https:\/\/de.smwcnc.cz\/kontakt\/\">Kontaktieren Sie uns<\/a><\/div>\t\t<\/div>\n\t\t\t\t<\/div>\n\t\t\t\t<\/div>\n\t\t\t\t<\/div>\n\t\t\t\t\t<\/div>\n\t\t\t\t<\/div>\n\t\t\t\t<\/div>\n\t\t","protected":false},"excerpt":{"rendered":"<p>Spritzgie\u00dfen von Kunststoffen Die Firma System management welfare s.r.o. stellt Kunststoffprodukte her. Wir bieten an: Serien- und Massenproduktion von Kunststoffteilen nach Kundendurchf\u00fchrungen Herstellung von Kunststoffteilen mit eigenen Formen Zusatzoperationen \u2013 Montage der hergestellten Teile Konstruktion und Herstellung von Teilen nach Ihren Zeichnungen oder Mustern Unser Unternehmen verf\u00fcgt \u00fcber umfangreiche Erfahrungen in der Herstellung von Kunststoffprodukten,&#8230;<\/p>\n","protected":false},"author":1,"featured_media":0,"parent":0,"menu_order":0,"comment_status":"closed","ping_status":"closed","template":"","meta":{"footnotes":""},"class_list":["post-15717","page","type-page","status-publish","hentry"],"_links":{"self":[{"href":"https:\/\/smwe.cz\/de\/wp-json\/wp\/v2\/pages\/15717","targetHints":{"allow":["GET"]}}],"collection":[{"href":"https:\/\/smwe.cz\/de\/wp-json\/wp\/v2\/pages"}],"about":[{"href":"https:\/\/smwe.cz\/de\/wp-json\/wp\/v2\/types\/page"}],"author":[{"embeddable":true,"href":"https:\/\/smwe.cz\/de\/wp-json\/wp\/v2\/users\/1"}],"replies":[{"embeddable":true,"href":"https:\/\/smwe.cz\/de\/wp-json\/wp\/v2\/comments?post=15717"}],"version-history":[{"count":27,"href":"https:\/\/smwe.cz\/de\/wp-json\/wp\/v2\/pages\/15717\/revisions"}],"predecessor-version":[{"id":16144,"href":"https:\/\/smwe.cz\/de\/wp-json\/wp\/v2\/pages\/15717\/revisions\/16144"}],"wp:attachment":[{"href":"https:\/\/smwe.cz\/de\/wp-json\/wp\/v2\/media?parent=15717"}],"curies":[{"name":"wp","href":"https:\/\/api.w.org\/{rel}","templated":true}]}}