{"id":15981,"date":"2025-04-22T20:20:41","date_gmt":"2025-04-22T18:20:41","guid":{"rendered":"https:\/\/de.smwcnc.cz\/?page_id=15981"},"modified":"2025-04-25T20:36:33","modified_gmt":"2025-04-25T18:36:33","slug":"qualitat","status":"publish","type":"page","link":"https:\/\/smwe.cz\/de\/qualitat\/","title":{"rendered":"Qualit\u00e4t"},"content":{"rendered":"\t\t<div data-elementor-type=\"wp-page\" data-elementor-id=\"15981\" class=\"elementor elementor-15981\">\n\t\t\t\t<div class=\"elementor-element elementor-element-b0f81f9 e-flex e-con-boxed e-con e-parent\" data-id=\"b0f81f9\" data-element_type=\"container\">\n\t\t\t\t\t<div class=\"e-con-inner\">\n\t\t<div class=\"elementor-element elementor-element-d153fec e-con-full e-flex e-con e-child\" data-id=\"d153fec\" data-element_type=\"container\">\n\t\t\t\t<div class=\"elementor-element elementor-element-e43e318 elementor-widget elementor-widget-techwix-button\" data-id=\"e43e318\" data-element_type=\"widget\" data-widget_type=\"techwix-button.default\">\n\t\t\t\t<div class=\"elementor-widget-container\">\n\t\t\t<div class=\"techwix-button-widget-wrapper\"><a class=\"techwix-btn techwix-btn-size-custom style-1\" href=\"https:\/\/smwcnc.cz\/de\/wp-content\/uploads\/sites\/4\/2025\/04\/System-management-welfare-cert__-ISO-9001-GER-issue-5.pdf\" target=\"_blank\">Zertifikat<\/a><\/div>\t\t<\/div>\n\t\t\t\t<\/div>\n\t\t\t\t<\/div>\n\t\t<div class=\"elementor-element elementor-element-739f142 e-con-full e-flex e-con e-child\" data-id=\"739f142\" data-element_type=\"container\">\n\t\t\t\t<div class=\"elementor-element elementor-element-a6b2704 elementor-widget elementor-widget-text-editor\" data-id=\"a6b2704\" data-element_type=\"widget\" data-widget_type=\"text-editor.default\">\n\t\t\t\t<div class=\"elementor-widget-container\">\n\t\t\t\t\t\t\t<p>System management welfare s.r.o. verf\u00fcgt \u00fcber ein zertifiziertes Qualit\u00e4tsmanagementsystem nach ISO 9001:2015.<br \/>Wir verwenden Verfahren und Aufzeichnungssysteme sowie eine interne Organisation, die die Nachhaltigkeit und die Steigerung der Produktionsqualit\u00e4t unterst\u00fctzen.<\/p>\t\t\t\t\t\t<\/div>\n\t\t\t\t<\/div>\n\t\t\t\t<\/div>\n\t\t\t\t\t<\/div>\n\t\t\t\t<\/div>\n\t\t\t\t<\/div>\n\t\t","protected":false},"excerpt":{"rendered":"<p>Zertifikat System management welfare s.r.o. verf\u00fcgt \u00fcber ein zertifiziertes Qualit\u00e4tsmanagementsystem nach ISO 9001:2015.Wir verwenden Verfahren und Aufzeichnungssysteme sowie eine interne Organisation, die die Nachhaltigkeit und die Steigerung der Produktionsqualit\u00e4t unterst\u00fctzen.<\/p>\n","protected":false},"author":1,"featured_media":0,"parent":0,"menu_order":0,"comment_status":"closed","ping_status":"closed","template":"","meta":{"footnotes":""},"class_list":["post-15981","page","type-page","status-publish","hentry"],"_links":{"self":[{"href":"https:\/\/smwe.cz\/de\/wp-json\/wp\/v2\/pages\/15981","targetHints":{"allow":["GET"]}}],"collection":[{"href":"https:\/\/smwe.cz\/de\/wp-json\/wp\/v2\/pages"}],"about":[{"href":"https:\/\/smwe.cz\/de\/wp-json\/wp\/v2\/types\/page"}],"author":[{"embeddable":true,"href":"https:\/\/smwe.cz\/de\/wp-json\/wp\/v2\/users\/1"}],"replies":[{"embeddable":true,"href":"https:\/\/smwe.cz\/de\/wp-json\/wp\/v2\/comments?post=15981"}],"version-history":[{"count":12,"href":"https:\/\/smwe.cz\/de\/wp-json\/wp\/v2\/pages\/15981\/revisions"}],"predecessor-version":[{"id":16175,"href":"https:\/\/smwe.cz\/de\/wp-json\/wp\/v2\/pages\/15981\/revisions\/16175"}],"wp:attachment":[{"href":"https:\/\/smwe.cz\/de\/wp-json\/wp\/v2\/media?parent=15981"}],"curies":[{"name":"wp","href":"https:\/\/api.w.org\/{rel}","templated":true}]}}