{"id":2846,"date":"2024-05-21T08:41:13","date_gmt":"2024-05-21T08:41:13","guid":{"rendered":"https:\/\/thepixelcurve.com\/wp\/techwix\/?page_id=2846"},"modified":"2025-04-25T20:55:36","modified_gmt":"2025-04-25T18:55:36","slug":"kontakt","status":"publish","type":"page","link":"https:\/\/smwe.cz\/de\/kontakt\/","title":{"rendered":"Kontakt"},"content":{"rendered":"\t\t<div data-elementor-type=\"wp-page\" data-elementor-id=\"2846\" class=\"elementor elementor-2846\">\n\t\t\t\t<div class=\"elementor-element elementor-element-43f3cd7 e-flex e-con-boxed e-con e-parent\" data-id=\"43f3cd7\" data-element_type=\"container\">\n\t\t\t\t\t<div class=\"e-con-inner\">\n\t\t<div class=\"elementor-element elementor-element-af80660 e-grid e-transform e-con-boxed e-con e-child\" data-id=\"af80660\" data-element_type=\"container\" data-settings=\"{&quot;_transform_translateY_effect&quot;:{&quot;unit&quot;:&quot;px&quot;,&quot;size&quot;:70,&quot;sizes&quot;:[]},&quot;_transform_translateX_effect&quot;:{&quot;unit&quot;:&quot;px&quot;,&quot;size&quot;:&quot;&quot;,&quot;sizes&quot;:[]},&quot;_transform_translateX_effect_tablet&quot;:{&quot;unit&quot;:&quot;px&quot;,&quot;size&quot;:&quot;&quot;,&quot;sizes&quot;:[]},&quot;_transform_translateX_effect_mobile&quot;:{&quot;unit&quot;:&quot;px&quot;,&quot;size&quot;:&quot;&quot;,&quot;sizes&quot;:[]},&quot;_transform_translateY_effect_tablet&quot;:{&quot;unit&quot;:&quot;px&quot;,&quot;size&quot;:&quot;&quot;,&quot;sizes&quot;:[]},&quot;_transform_translateY_effect_mobile&quot;:{&quot;unit&quot;:&quot;px&quot;,&quot;size&quot;:&quot;&quot;,&quot;sizes&quot;:[]}}\">\n\t\t\t\t\t<div class=\"e-con-inner\">\n\t\t<div class=\"elementor-element elementor-element-ed68e5b e-flex e-con-boxed e-con e-child\" data-id=\"ed68e5b\" data-element_type=\"container\" data-settings=\"{&quot;background_background&quot;:&quot;classic&quot;}\">\n\t\t\t\t\t<div class=\"e-con-inner\">\n\t\t\t\t<div class=\"elementor-element elementor-element-31f7c08 elementor-view-default elementor-position-top elementor-vertical-align-top elementor-widget elementor-widget-techwix-custom-icon\" data-id=\"31f7c08\" data-element_type=\"widget\" data-widget_type=\"techwix-custom-icon.default\">\n\t\t\t\t<div class=\"elementor-widget-container\">\n\t\t\t        <div class=\"elementor-icon-box-wrapper\">\n                        <div class=\"elementor-icon-box-icon\">\n                <span class=\"elementor-icon elementor-animation-\" >\n\n                \n                        \n                            <i><img decoding=\"async\" src=\"https:\/\/smwe.cz\/de\/wp-content\/uploads\/sites\/4\/2024\/05\/TECW0130.png\" title=\"TECW0130\" alt=\"TECW0130\" loading=\"lazy\" \/><\/i>\n\n                    \n                <\/span>\n            <\/div>\n                        <div class=\"elementor-icon-box-content\">\n                <h3 class=\"elementor-icon-box-title\">\n                    <span  >\n                        Rufen Sie uns an                    <\/span>\n                <\/h3>\n                                    <p class=\"elementor-icon-box-description\">\n                        Firmensitz<br>\n<a class=\"phone\" href=\"tel:+420608241845\">+420 608 241 845<\/a><br><br>Verkaufsabteilung<br><a class=\"phone\" href=\"tel:+420602651948\">+420 602 651 948<\/a>                    <\/p>\n                            <\/div>\n        <\/div>\n        \t\t<\/div>\n\t\t\t\t<\/div>\n\t\t\t\t\t<\/div>\n\t\t\t\t<\/div>\n\t\t<div class=\"elementor-element elementor-element-5271d0f e-flex e-con-boxed e-con e-child\" data-id=\"5271d0f\" data-element_type=\"container\" data-settings=\"{&quot;background_background&quot;:&quot;classic&quot;}\">\n\t\t\t\t\t<div class=\"e-con-inner\">\n\t\t\t\t<div class=\"elementor-element elementor-element-01ba5e5 elementor-view-default elementor-position-top elementor-vertical-align-top elementor-widget elementor-widget-techwix-custom-icon\" data-id=\"01ba5e5\" data-element_type=\"widget\" data-widget_type=\"techwix-custom-icon.default\">\n\t\t\t\t<div class=\"elementor-widget-container\">\n\t\t\t        <div class=\"elementor-icon-box-wrapper\">\n                        <div class=\"elementor-icon-box-icon\">\n                <span class=\"elementor-icon elementor-animation-\" >\n\n                \n                        \n                            <i><img decoding=\"async\" src=\"https:\/\/smwe.cz\/de\/wp-content\/uploads\/sites\/4\/2024\/05\/TECW0132.png\" title=\"TECW0132\" alt=\"TECW0132\" loading=\"lazy\" \/><\/i>\n\n                    \n                <\/span>\n            <\/div>\n                        <div class=\"elementor-icon-box-content\">\n                <h3 class=\"elementor-icon-box-title\">\n                    <span  >\n                        Schreiben Sie uns                    <\/span>\n                <\/h3>\n                                    <p class=\"elementor-icon-box-description\">\n                        Firmensitz<br>\n<a href=\"mailto:info@smwe.cz\">info@smwe.cz<\/a><br><br>Verkaufsabteilung<br><a href=\"mailto:sales@smwe.cz\">sales@smwe.cz<\/a>                    <\/p>\n                            <\/div>\n        <\/div>\n        \t\t<\/div>\n\t\t\t\t<\/div>\n\t\t\t\t\t<\/div>\n\t\t\t\t<\/div>\n\t\t<div class=\"elementor-element elementor-element-d8171f0 e-flex e-con-boxed e-con e-child\" data-id=\"d8171f0\" data-element_type=\"container\" data-settings=\"{&quot;background_background&quot;:&quot;classic&quot;}\">\n\t\t\t\t\t<div class=\"e-con-inner\">\n\t\t\t\t<div class=\"elementor-element elementor-element-bf44887 elementor-view-default elementor-position-top elementor-vertical-align-top elementor-widget elementor-widget-techwix-custom-icon\" data-id=\"bf44887\" data-element_type=\"widget\" data-widget_type=\"techwix-custom-icon.default\">\n\t\t\t\t<div class=\"elementor-widget-container\">\n\t\t\t        <div class=\"elementor-icon-box-wrapper\">\n                        <div class=\"elementor-icon-box-icon\">\n                <span class=\"elementor-icon elementor-animation-\" >\n\n                \n                        \n                            <i><img decoding=\"async\" src=\"https:\/\/smwe.cz\/de\/wp-content\/uploads\/sites\/4\/2024\/05\/TECW0131.png\" title=\"TECW0131\" alt=\"TECW0131\" loading=\"lazy\" \/><\/i>\n\n                    \n                <\/span>\n            <\/div>\n                        <div class=\"elementor-icon-box-content\">\n                <h3 class=\"elementor-icon-box-title\">\n                    <span  >\n                        Firmensitz                    <\/span>\n                <\/h3>\n                                    <p class=\"elementor-icon-box-description\">\n                        39111, Plan\u00e1 nad Lu\u017enic\u00ed\nPr\u016fmyslov\u00e1 z\u00f3na (naproti Maso Plan\u00e1)                    <\/p>\n                            <\/div>\n        <\/div>\n        \t\t<\/div>\n\t\t\t\t<\/div>\n\t\t\t\t\t<\/div>\n\t\t\t\t<\/div>\n\t\t\t\t\t<\/div>\n\t\t\t\t<\/div>\n\t\t<div class=\"elementor-element elementor-element-f0e2919 e-con-full e-transform e-flex e-con e-child\" data-id=\"f0e2919\" data-element_type=\"container\" data-settings=\"{&quot;_transform_translateY_effect&quot;:{&quot;unit&quot;:&quot;px&quot;,&quot;size&quot;:24,&quot;sizes&quot;:[]},&quot;_transform_translateX_effect&quot;:{&quot;unit&quot;:&quot;px&quot;,&quot;size&quot;:&quot;&quot;,&quot;sizes&quot;:[]},&quot;_transform_translateX_effect_tablet&quot;:{&quot;unit&quot;:&quot;px&quot;,&quot;size&quot;:&quot;&quot;,&quot;sizes&quot;:[]},&quot;_transform_translateX_effect_mobile&quot;:{&quot;unit&quot;:&quot;px&quot;,&quot;size&quot;:&quot;&quot;,&quot;sizes&quot;:[]},&quot;_transform_translateY_effect_tablet&quot;:{&quot;unit&quot;:&quot;px&quot;,&quot;size&quot;:&quot;&quot;,&quot;sizes&quot;:[]},&quot;_transform_translateY_effect_mobile&quot;:{&quot;unit&quot;:&quot;px&quot;,&quot;size&quot;:&quot;&quot;,&quot;sizes&quot;:[]}}\">\n\t\t\t\t<div class=\"elementor-element elementor-element-0a0651a elementor-widget elementor-widget-techwix-contactform-addons\" data-id=\"0a0651a\" data-element_type=\"widget\" data-widget_type=\"techwix-contactform-addons.default\">\n\t\t\t\t<div class=\"elementor-widget-container\">\n\t\t\t<div class=\"techwix-form-wrapper\" ><div class=\"wpcf7-head-container\"> <h5 class=\"wpcf7-subtitle\"><\/h5><h3 class=\"wpcf7-title\">Wie k\u00f6nnen wir Ihnen helfen!<\/h3><\/div>\n<div class=\"wpcf7 no-js\" id=\"wpcf7-f16168-o1\" lang=\"en-US\" dir=\"ltr\" data-wpcf7-id=\"16168\">\n<div class=\"screen-reader-response\"><p role=\"status\" aria-live=\"polite\" aria-atomic=\"true\"><\/p> <ul><\/ul><\/div>\n<form action=\"\/de\/wp-json\/wp\/v2\/pages\/2846#wpcf7-f16168-o1\" method=\"post\" class=\"wpcf7-form init\" aria-label=\"Contact form\" novalidate=\"novalidate\" data-status=\"init\">\n<div style=\"display: none;\">\n<input type=\"hidden\" name=\"_wpcf7\" value=\"16168\" \/>\n<input type=\"hidden\" name=\"_wpcf7_version\" value=\"6.0.1\" \/>\n<input type=\"hidden\" name=\"_wpcf7_locale\" value=\"en_US\" \/>\n<input type=\"hidden\" name=\"_wpcf7_unit_tag\" value=\"wpcf7-f16168-o1\" \/>\n<input type=\"hidden\" name=\"_wpcf7_container_post\" value=\"0\" \/>\n<input type=\"hidden\" name=\"_wpcf7_posted_data_hash\" value=\"\" \/>\n<\/div>\n<div class=\"techwix-row\">\n\t<div class=\"techwix-col-md-6\">\n\t\t<p><span class=\"wpcf7-form-control-wrap\" data-name=\"your-name\"><input size=\"40\" maxlength=\"400\" class=\"wpcf7-form-control wpcf7-text wpcf7-validates-as-required\" autocomplete=\"name\" aria-required=\"true\" aria-invalid=\"false\" placeholder=\"Vor- und Nachname *\" value=\"\" type=\"text\" name=\"your-name\" \/><\/span>\n\t\t<\/p>\n\t<\/div>\n\t<div class=\"techwix-col-md-6\">\n\t\t<p><span class=\"wpcf7-form-control-wrap\" data-name=\"your-email\"><input size=\"40\" maxlength=\"400\" class=\"wpcf7-form-control wpcf7-email wpcf7-validates-as-required wpcf7-text wpcf7-validates-as-email\" autocomplete=\"email\" aria-required=\"true\" aria-invalid=\"false\" placeholder=\"Email *\" value=\"\" type=\"email\" name=\"your-email\" \/><\/span>\n\t\t<\/p>\n\t<\/div>\n\t<div class=\"techwix-col-md-12\">\n\t\t<p><span class=\"wpcf7-form-control-wrap\" data-name=\"your-subject\"><input size=\"40\" maxlength=\"400\" class=\"wpcf7-form-control wpcf7-text wpcf7-validates-as-required\" aria-required=\"true\" aria-invalid=\"false\" placeholder=\"Betreff*\" value=\"\" type=\"text\" name=\"your-subject\" \/><\/span>\n\t\t<\/p>\n\t<\/div>\n\t<div class=\"techwix-col-md-12\">\n\t\t<p><span class=\"wpcf7-form-control-wrap\" data-name=\"your-message\"><textarea cols=\"40\" rows=\"10\" maxlength=\"2000\" class=\"wpcf7-form-control wpcf7-textarea\" aria-invalid=\"false\" placeholder=\"Nachricht\" name=\"your-message\"><\/textarea><\/span>\n\t\t<\/p>\n\t<\/div>\n\t<div class=\"techwix-col-md-12\">\n\t\t<p><input class=\"wpcf7-form-control wpcf7-submit has-spinner\" type=\"submit\" value=\"Senden\" \/>\n\t\t<\/p>\n\t<\/div>\n<\/div><p style=\"display: none !important;\" class=\"akismet-fields-container\" data-prefix=\"_wpcf7_ak_\"><label>&#916;<textarea name=\"_wpcf7_ak_hp_textarea\" cols=\"45\" rows=\"8\" maxlength=\"100\"><\/textarea><\/label><input type=\"hidden\" id=\"ak_js_1\" name=\"_wpcf7_ak_js\" value=\"226\"\/><script>document.getElementById( \"ak_js_1\" ).setAttribute( \"value\", ( new Date() ).getTime() );<\/script><\/p><div class=\"wpcf7-response-output\" aria-hidden=\"true\"><\/div>\n<\/form>\n<\/div>\n<\/div>\t\t<\/div>\n\t\t\t\t<\/div>\n\t\t\t\t<\/div>\n\t\t\t\t\t<\/div>\n\t\t\t\t<\/div>\n\t\t<div class=\"elementor-element elementor-element-7a45703 e-con-full e-flex e-con e-parent\" data-id=\"7a45703\" data-element_type=\"container\">\n\t\t\t\t<div class=\"elementor-element elementor-element-bb0c9ff elementor-widget elementor-widget-google_maps\" data-id=\"bb0c9ff\" data-element_type=\"widget\" data-widget_type=\"google_maps.default\">\n\t\t\t\t<div class=\"elementor-widget-container\">\n\t\t\t\t\t<div class=\"elementor-custom-embed\">\n\t\t\t<iframe loading=\"lazy\"\n\t\t\t\t\tsrc=\"https:\/\/maps.google.com\/maps?q=Pr%C5%AFmyslov%C3%A1%20953%2C%20391%2011%20Plan%C3%A1%20nad%20Lu%C5%BEnic%C3%AD&#038;t=m&#038;z=17&#038;output=embed&#038;iwloc=near\"\n\t\t\t\t\ttitle=\"Pr\u016fmyslov\u00e1 953, 391 11 Plan\u00e1 nad Lu\u017enic\u00ed\"\n\t\t\t\t\taria-label=\"Pr\u016fmyslov\u00e1 953, 391 11 Plan\u00e1 nad Lu\u017enic\u00ed\"\n\t\t\t><\/iframe>\n\t\t<\/div>\n\t\t\t\t<\/div>\n\t\t\t\t<\/div>\n\t\t\t\t<\/div>\n\t\t\t\t<\/div>\n\t\t","protected":false},"excerpt":{"rendered":"<p>Rufen Sie uns an Firmensitz +420 608 241 845 Verkaufsabteilung+420 602 651 948 Schreiben Sie uns Firmensitz info@smwe.cz Verkaufsabteilungsales@smwe.cz Firmensitz 39111, Plan\u00e1 nad Lu\u017enic\u00ed Pr\u016fmyslov\u00e1 z\u00f3na (naproti Maso Plan\u00e1) Wie k\u00f6nnen wir Ihnen helfen! &#916;<\/p>\n","protected":false},"author":1,"featured_media":0,"parent":0,"menu_order":0,"comment_status":"closed","ping_status":"closed","template":"","meta":{"footnotes":""},"class_list":["post-2846","page","type-page","status-publish","hentry"],"_links":{"self":[{"href":"https:\/\/smwe.cz\/de\/wp-json\/wp\/v2\/pages\/2846","targetHints":{"allow":["GET"]}}],"collection":[{"href":"https:\/\/smwe.cz\/de\/wp-json\/wp\/v2\/pages"}],"about":[{"href":"https:\/\/smwe.cz\/de\/wp-json\/wp\/v2\/types\/page"}],"author":[{"embeddable":true,"href":"https:\/\/smwe.cz\/de\/wp-json\/wp\/v2\/users\/1"}],"replies":[{"embeddable":true,"href":"https:\/\/smwe.cz\/de\/wp-json\/wp\/v2\/comments?post=2846"}],"version-history":[{"count":47,"href":"https:\/\/smwe.cz\/de\/wp-json\/wp\/v2\/pages\/2846\/revisions"}],"predecessor-version":[{"id":16178,"href":"https:\/\/smwe.cz\/de\/wp-json\/wp\/v2\/pages\/2846\/revisions\/16178"}],"wp:attachment":[{"href":"https:\/\/smwe.cz\/de\/wp-json\/wp\/v2\/media?parent=2846"}],"curies":[{"name":"wp","href":"https:\/\/api.w.org\/{rel}","templated":true}]}}