{"id":2922,"date":"2024-05-22T03:42:44","date_gmt":"2024-05-22T03:42:44","guid":{"rendered":"https:\/\/thepixelcurve.com\/wp\/techwix\/?page_id=2922"},"modified":"2025-04-24T16:04:40","modified_gmt":"2025-04-24T14:04:40","slug":"sluzby","status":"publish","type":"page","link":"https:\/\/smwe.cz\/de\/sluzby\/","title":{"rendered":"Dienstleistungen"},"content":{"rendered":"\t\t<div data-elementor-type=\"wp-page\" data-elementor-id=\"2922\" class=\"elementor elementor-2922\">\n\t\t\t\t<div class=\"elementor-element elementor-element-26377cf e-flex e-con-boxed e-con e-parent\" data-id=\"26377cf\" data-element_type=\"container\" data-settings=\"{&quot;background_background&quot;:&quot;classic&quot;}\">\n\t\t\t\t\t<div class=\"e-con-inner\">\n\t\t<div class=\"elementor-element elementor-element-e72f69a e-grid e-con-full e-transform e-con e-child\" data-id=\"e72f69a\" data-element_type=\"container\" data-settings=\"{&quot;_transform_translateY_effect&quot;:{&quot;unit&quot;:&quot;px&quot;,&quot;size&quot;:70,&quot;sizes&quot;:[]},&quot;_transform_translateX_effect&quot;:{&quot;unit&quot;:&quot;px&quot;,&quot;size&quot;:&quot;&quot;,&quot;sizes&quot;:[]},&quot;_transform_translateX_effect_tablet&quot;:{&quot;unit&quot;:&quot;px&quot;,&quot;size&quot;:&quot;&quot;,&quot;sizes&quot;:[]},&quot;_transform_translateX_effect_mobile&quot;:{&quot;unit&quot;:&quot;px&quot;,&quot;size&quot;:&quot;&quot;,&quot;sizes&quot;:[]},&quot;_transform_translateY_effect_tablet&quot;:{&quot;unit&quot;:&quot;px&quot;,&quot;size&quot;:&quot;&quot;,&quot;sizes&quot;:[]},&quot;_transform_translateY_effect_mobile&quot;:{&quot;unit&quot;:&quot;px&quot;,&quot;size&quot;:&quot;&quot;,&quot;sizes&quot;:[]}}\">\n\t\t\t\t<div class=\"elementor-element elementor-element-1926f2d elementor-invisible elementor-widget elementor-widget-techwix-service-addons\" data-id=\"1926f2d\" data-element_type=\"widget\" data-settings=\"{&quot;_animation&quot;:&quot;techwix--slide-up&quot;}\" data-widget_type=\"techwix-service-addons.default\">\n\t\t\t\t<div class=\"elementor-widget-container\">\n\t\t\t<div class=\"techwix-service service-style-1 lift-top-hover\"><div class=\"service-img\"><img decoding=\"async\" src=\"https:\/\/smwe.cz\/de\/wp-content\/uploads\/sites\/4\/2024\/12\/cnc.png\" title=\"cnc\" alt=\"cnc\" loading=\"lazy\" \/><\/div><div class=\"service-content\"><h3 class=\"service-title\"><a href=\"https:\/\/de.smwcnc.cz\/metallbearbeitung\/\"  >Metallbearbeitung<\/a><\/h3><p class=\"description\">Die Firma System Management Welfare s.r.o. bietet Dienstleistungen im Bereich der Metallbearbeitung an.<\/p><\/div><\/div>\t\t<\/div>\n\t\t\t\t<\/div>\n\t\t\t\t<div class=\"elementor-element elementor-element-d46f605 elementor-invisible elementor-widget elementor-widget-techwix-service-addons\" data-id=\"d46f605\" data-element_type=\"widget\" data-settings=\"{&quot;_animation&quot;:&quot;techwix--slide-up&quot;}\" data-widget_type=\"techwix-service-addons.default\">\n\t\t\t\t<div class=\"elementor-widget-container\">\n\t\t\t<div class=\"techwix-service service-style-1 lift-top-hover\"><div class=\"service-img\"><img decoding=\"async\" src=\"https:\/\/smwe.cz\/de\/wp-content\/uploads\/sites\/4\/2024\/12\/auto.png\" title=\"auto\" alt=\"auto\" loading=\"lazy\" \/><\/div><div class=\"service-content\"><h3 class=\"service-title\"><a href=\"https:\/\/de.smwcnc.cz\/automatisierung\/\"  >Automatisierung<\/a><\/h3><p class=\"description\">Die L\u00f6sung von Herausforderungen und die Vereinfachung von Produktionsproblemen unterschiedlicher Komplexit\u00e4t ist unsere St\u00e4rke.<\/p><\/div><\/div>\t\t<\/div>\n\t\t\t\t<\/div>\n\t\t\t\t<div class=\"elementor-element elementor-element-8bc7908 elementor-invisible elementor-widget elementor-widget-techwix-service-addons\" data-id=\"8bc7908\" data-element_type=\"widget\" data-settings=\"{&quot;_animation&quot;:&quot;techwix--slide-up&quot;}\" data-widget_type=\"techwix-service-addons.default\">\n\t\t\t\t<div class=\"elementor-widget-container\">\n\t\t\t<div class=\"techwix-service service-style-1 lift-top-hover\"><div class=\"service-img\"><img decoding=\"async\" src=\"https:\/\/smwe.cz\/de\/wp-content\/uploads\/sites\/4\/2024\/12\/plastic.png\" title=\"plastic\" alt=\"plastic\" loading=\"lazy\" \/><\/div><div class=\"service-content\"><h3 class=\"service-title\"><a href=\"https:\/\/de.smwcnc.cz\/spritzgiesen\/\"  >Spritzgie\u00dfen von Kunststoffen<\/a><\/h3><p class=\"description\">Wir haben umfangreiche Erfahrungen in der Herstellung von Kunststoffprodukten mit einem minimalen Ausschussanteil.<\/p><\/div><\/div>\t\t<\/div>\n\t\t\t\t<\/div>\n\t\t\t\t<\/div>\n\t\t\t\t\t<\/div>\n\t\t\t\t<\/div>\n\t\t<div class=\"elementor-element elementor-element-57781ff e-flex e-con-boxed e-con e-parent\" data-id=\"57781ff\" data-element_type=\"container\">\n\t\t\t\t\t<div class=\"e-con-inner\">\n\t\t<div class=\"elementor-element elementor-element-345ea94 e-con-full e-flex e-con e-child\" data-id=\"345ea94\" data-element_type=\"container\" data-settings=\"{&quot;background_background&quot;:&quot;classic&quot;}\">\n\t\t<div class=\"elementor-element elementor-element-c030c9b e-con-full e-flex e-con e-child\" data-id=\"c030c9b\" data-element_type=\"container\">\n\t\t\t\t<div class=\"elementor-element elementor-element-776b770 elementor-hidden-mobile elementor-invisible elementor-widget elementor-widget-techwix-delimiter\" data-id=\"776b770\" data-element_type=\"widget\" data-settings=\"{&quot;_animation&quot;:&quot;techwix--slide-up&quot;}\" data-widget_type=\"techwix-delimiter.default\">\n\t\t\t\t<div class=\"elementor-widget-container\">\n\t\t\t<div class=\"delimiter-wrapper\"><div class=\"delimiter\"><\/div><\/div>\t\t<\/div>\n\t\t\t\t<\/div>\n\t\t\t\t<div class=\"elementor-element elementor-element-bc29f81 elementor-invisible elementor-widget elementor-widget-custom-title-addons\" data-id=\"bc29f81\" data-element_type=\"widget\" data-settings=\"{&quot;_animation&quot;:&quot;techwix--slide-up&quot;}\" data-widget_type=\"custom-title-addons.default\">\n\t\t\t\t<div class=\"elementor-widget-container\">\n\t\t\t<div class=\"tpc-double_heading\"><h3 class=\"dbl__title-wrapper\"><span class=\"dbl__title dbl-title_1\">Wenn Sie Fragen haben, z\u00f6gern Sie nicht, uns zu kontaktieren.<\/span><\/h3><\/div>\t\t<\/div>\n\t\t\t\t<\/div>\n\t\t\t\t<\/div>\n\t\t\t\t<div class=\"elementor-element elementor-element-a2d982d e-transform elementor-view-default elementor-position-top elementor-vertical-align-top elementor-invisible elementor-widget elementor-widget-techwix-custom-icon\" data-id=\"a2d982d\" data-element_type=\"widget\" data-settings=\"{&quot;_animation&quot;:&quot;techwix--slide-up&quot;,&quot;_transform_translateY_effect&quot;:{&quot;unit&quot;:&quot;px&quot;,&quot;size&quot;:-49,&quot;sizes&quot;:[]},&quot;_transform_translateX_effect&quot;:{&quot;unit&quot;:&quot;px&quot;,&quot;size&quot;:&quot;&quot;,&quot;sizes&quot;:[]},&quot;_transform_translateX_effect_tablet&quot;:{&quot;unit&quot;:&quot;px&quot;,&quot;size&quot;:&quot;&quot;,&quot;sizes&quot;:[]},&quot;_transform_translateX_effect_mobile&quot;:{&quot;unit&quot;:&quot;px&quot;,&quot;size&quot;:&quot;&quot;,&quot;sizes&quot;:[]},&quot;_transform_translateY_effect_tablet&quot;:{&quot;unit&quot;:&quot;px&quot;,&quot;size&quot;:&quot;&quot;,&quot;sizes&quot;:[]},&quot;_transform_translateY_effect_mobile&quot;:{&quot;unit&quot;:&quot;px&quot;,&quot;size&quot;:&quot;&quot;,&quot;sizes&quot;:[]}}\" data-widget_type=\"techwix-custom-icon.default\">\n\t\t\t\t<div class=\"elementor-widget-container\">\n\t\t\t        <div class=\"elementor-icon-box-wrapper\">\n                        <div class=\"elementor-icon-box-icon\">\n                <span class=\"elementor-icon elementor-animation-\" >\n\n                \n                        <div class=\"icon-shape-wrap\"><\/div>\n                            <i><img decoding=\"async\" src=\"https:\/\/thepixelcurve.com\/wp\/techwix\/wp-content\/uploads\/2024\/05\/TECW0036.png\" title=\"\" alt=\"\" loading=\"lazy\" \/><\/i>\n\n                    \n                <\/span>\n            <\/div>\n                        <div class=\"elementor-icon-box-content\">\n                <h3 class=\"elementor-icon-box-title\">\n                    <span  >\n                        Hinterlassen Sie uns eine Nachricht.                    <\/span>\n                <\/h3>\n                                    <p class=\"elementor-icon-box-description\">\n                        <a class=\"sendmail\" href=\"mailto:sales@smwe.cz\">sales@smwe.cz<\/a>                    <\/p>\n                            <\/div>\n        <\/div>\n        \t\t<\/div>\n\t\t\t\t<\/div>\n\t\t\t\t<\/div>\n\t\t\t\t\t<\/div>\n\t\t\t\t<\/div>\n\t\t\t\t<\/div>\n\t\t","protected":false},"excerpt":{"rendered":"<p>Metallbearbeitung Die Firma System Management Welfare s.r.o. bietet Dienstleistungen im Bereich der Metallbearbeitung an. Automatisierung Die L\u00f6sung von Herausforderungen und die Vereinfachung von Produktionsproblemen unterschiedlicher Komplexit\u00e4t ist unsere St\u00e4rke. Spritzgie\u00dfen von Kunststoffen Wir haben umfangreiche Erfahrungen in der Herstellung von Kunststoffprodukten mit einem minimalen Ausschussanteil. Wenn Sie Fragen haben, z\u00f6gern Sie nicht, uns zu kontaktieren.&#8230;<\/p>\n","protected":false},"author":1,"featured_media":0,"parent":0,"menu_order":0,"comment_status":"closed","ping_status":"closed","template":"","meta":{"footnotes":""},"class_list":["post-2922","page","type-page","status-publish","hentry"],"_links":{"self":[{"href":"https:\/\/smwe.cz\/de\/wp-json\/wp\/v2\/pages\/2922","targetHints":{"allow":["GET"]}}],"collection":[{"href":"https:\/\/smwe.cz\/de\/wp-json\/wp\/v2\/pages"}],"about":[{"href":"https:\/\/smwe.cz\/de\/wp-json\/wp\/v2\/types\/page"}],"author":[{"embeddable":true,"href":"https:\/\/smwe.cz\/de\/wp-json\/wp\/v2\/users\/1"}],"replies":[{"embeddable":true,"href":"https:\/\/smwe.cz\/de\/wp-json\/wp\/v2\/comments?post=2922"}],"version-history":[{"count":18,"href":"https:\/\/smwe.cz\/de\/wp-json\/wp\/v2\/pages\/2922\/revisions"}],"predecessor-version":[{"id":16126,"href":"https:\/\/smwe.cz\/de\/wp-json\/wp\/v2\/pages\/2922\/revisions\/16126"}],"wp:attachment":[{"href":"https:\/\/smwe.cz\/de\/wp-json\/wp\/v2\/media?parent=2922"}],"curies":[{"name":"wp","href":"https:\/\/api.w.org\/{rel}","templated":true}]}}