{"id":4431,"date":"2024-07-09T02:54:30","date_gmt":"2024-07-09T02:54:30","guid":{"rendered":"https:\/\/thepixelcurve.com\/wp\/techwix\/?page_id=4431"},"modified":"2025-04-24T16:09:55","modified_gmt":"2025-04-24T14:09:55","slug":"metallbearbeitung","status":"publish","type":"page","link":"https:\/\/smwe.cz\/de\/metallbearbeitung\/","title":{"rendered":"Metallbearbeitung"},"content":{"rendered":"\t\t<div data-elementor-type=\"wp-page\" data-elementor-id=\"4431\" class=\"elementor elementor-4431\">\n\t\t\t\t<div class=\"elementor-element elementor-element-09f82e0 e-flex e-con-boxed e-con e-parent\" data-id=\"09f82e0\" data-element_type=\"container\">\n\t\t\t\t\t<div class=\"e-con-inner\">\n\t\t<div class=\"elementor-element elementor-element-84c4196 e-con-full e-flex e-con e-child\" data-id=\"84c4196\" data-element_type=\"container\">\n\t\t<div class=\"elementor-element elementor-element-337e9c6 e-con-full e-flex e-con e-child\" data-id=\"337e9c6\" data-element_type=\"container\">\n\t\t\t\t<div class=\"elementor-element elementor-element-183501c elementor-widget elementor-widget-image\" data-id=\"183501c\" data-element_type=\"widget\" data-widget_type=\"image.default\">\n\t\t\t\t<div class=\"elementor-widget-container\">\n\t\t\t\t\t\t\t\t\t\t\t\t\t<img decoding=\"async\" src=\"https:\/\/thepixelcurve.com\/wp\/techwix\/wp-content\/uploads\/2024\/05\/STU868.jpg\" title=\"\" alt=\"\" loading=\"lazy\" \/>\t\t\t\t\t\t\t\t\t\t\t\t\t<\/div>\n\t\t\t\t<\/div>\n\t\t\t\t<\/div>\n\t\t\t\t<div class=\"elementor-element elementor-element-4001c4f elementor-widget elementor-widget-custom-title-addons\" data-id=\"4001c4f\" data-element_type=\"widget\" data-widget_type=\"custom-title-addons.default\">\n\t\t\t\t<div class=\"elementor-widget-container\">\n\t\t\t<div class=\"tpc-double_heading\"><h3 class=\"dbl__title-wrapper\"><span class=\"dbl__title dbl-title_1\">Metallbearbeitung<\/span><\/h3><\/div>\t\t<\/div>\n\t\t\t\t<\/div>\n\t\t\t\t<div class=\"elementor-element elementor-element-c327a3b elementor-widget elementor-widget-text-editor\" data-id=\"c327a3b\" data-element_type=\"widget\" data-widget_type=\"text-editor.default\">\n\t\t\t\t<div class=\"elementor-widget-container\">\n\t\t\t\t\t\t\t<p class=\"\" data-start=\"0\" data-end=\"103\">Die Firma System Management Welfare s.r.o. bietet Dienstleistungen im Bereich der Metallbearbeitung an.<\/p>\n<p class=\"\" data-start=\"105\" data-end=\"389\">Wir fertigen Teile nach Zeichnungen, Skizzen oder Mustern. Falls erforderlich, erstellen unsere Spezialisten Zeichnungs- und Technologiedokumentationen, die als Grundlage f\u00fcr die Metallproduktion dienen. Wir bieten sowohl Massen- und Serienproduktion als auch Einzelst\u00fcckfertigung an.<\/p>\n<p class=\"\" data-start=\"391\" data-end=\"450\">Wir bieten auch weitere Metallbearbeitungsm\u00f6glichkeiten an:<\/p>\t\t\t\t\t\t<\/div>\n\t\t\t\t<\/div>\n\t\t<div class=\"elementor-element elementor-element-f9340a5 e-con-full e-flex e-con e-child\" data-id=\"f9340a5\" data-element_type=\"container\">\n\t\t<div class=\"elementor-element elementor-element-bcd1da4 e-con-full e-flex e-con e-child\" data-id=\"bcd1da4\" data-element_type=\"container\">\n\t\t<div class=\"elementor-element elementor-element-bf97bec e-con-full e-flex e-con e-child\" data-id=\"bf97bec\" data-element_type=\"container\" data-settings=\"{&quot;background_background&quot;:&quot;classic&quot;}\">\n\t\t\t\t<div class=\"elementor-element elementor-element-a87a6bc elementor-widget elementor-widget-image\" data-id=\"a87a6bc\" data-element_type=\"widget\" data-widget_type=\"image.default\">\n\t\t\t\t<div class=\"elementor-widget-container\">\n\t\t\t\t\t\t\t\t\t\t\t\t\t<img decoding=\"async\" src=\"https:\/\/thepixelcurve.com\/wp\/techwix\/wp-content\/uploads\/2024\/05\/TECW0020.jpg\" title=\"\" alt=\"\" loading=\"lazy\" \/>\t\t\t\t\t\t\t\t\t\t\t\t\t<\/div>\n\t\t\t\t<\/div>\n\t\t\t\t<\/div>\n\t\t\t\t<\/div>\n\t\t<div class=\"elementor-element elementor-element-2e973e2 e-con-full e-flex e-con e-child\" data-id=\"2e973e2\" data-element_type=\"container\">\n\t\t\t\t<div class=\"elementor-element elementor-element-cc9d346 elementor-icon-list--layout-traditional elementor-list-item-link-full_width elementor-widget elementor-widget-icon-list\" data-id=\"cc9d346\" data-element_type=\"widget\" data-widget_type=\"icon-list.default\">\n\t\t\t\t<div class=\"elementor-widget-container\">\n\t\t\t\t\t<ul class=\"elementor-icon-list-items\">\n\t\t\t\t\t\t\t<li class=\"elementor-icon-list-item\">\n\t\t\t\t\t\t\t\t\t\t\t<span class=\"elementor-icon-list-icon\">\n\t\t\t\t\t\t\t<svg aria-hidden=\"true\" class=\"e-font-icon-svg e-fas-check\" viewBox=\"0 0 512 512\" xmlns=\"http:\/\/www.w3.org\/2000\/svg\"><path d=\"M173.898 439.404l-166.4-166.4c-9.997-9.997-9.997-26.206 0-36.204l36.203-36.204c9.997-9.998 26.207-9.998 36.204 0L192 312.69 432.095 72.596c9.997-9.997 26.207-9.997 36.204 0l36.203 36.204c9.997 9.997 9.997 26.206 0 36.204l-294.4 294.401c-9.998 9.997-26.207 9.997-36.204-.001z\"><\/path><\/svg>\t\t\t\t\t\t<\/span>\n\t\t\t\t\t\t\t\t\t\t<span class=\"elementor-icon-list-text\">Drehen<\/span>\n\t\t\t\t\t\t\t\t\t<\/li>\n\t\t\t\t\t\t\t\t<li class=\"elementor-icon-list-item\">\n\t\t\t\t\t\t\t\t\t\t\t<span class=\"elementor-icon-list-icon\">\n\t\t\t\t\t\t\t<svg aria-hidden=\"true\" class=\"e-font-icon-svg e-fas-check\" viewBox=\"0 0 512 512\" xmlns=\"http:\/\/www.w3.org\/2000\/svg\"><path d=\"M173.898 439.404l-166.4-166.4c-9.997-9.997-9.997-26.206 0-36.204l36.203-36.204c9.997-9.998 26.207-9.998 36.204 0L192 312.69 432.095 72.596c9.997-9.997 26.207-9.997 36.204 0l36.203 36.204c9.997 9.997 9.997 26.206 0 36.204l-294.4 294.401c-9.998 9.997-26.207 9.997-36.204-.001z\"><\/path><\/svg>\t\t\t\t\t\t<\/span>\n\t\t\t\t\t\t\t\t\t\t<span class=\"elementor-icon-list-text\">Fr\u00e4sen<\/span>\n\t\t\t\t\t\t\t\t\t<\/li>\n\t\t\t\t\t\t\t\t<li class=\"elementor-icon-list-item\">\n\t\t\t\t\t\t\t\t\t\t\t<span class=\"elementor-icon-list-icon\">\n\t\t\t\t\t\t\t<svg aria-hidden=\"true\" class=\"e-font-icon-svg e-fas-check\" viewBox=\"0 0 512 512\" xmlns=\"http:\/\/www.w3.org\/2000\/svg\"><path d=\"M173.898 439.404l-166.4-166.4c-9.997-9.997-9.997-26.206 0-36.204l36.203-36.204c9.997-9.998 26.207-9.998 36.204 0L192 312.69 432.095 72.596c9.997-9.997 26.207-9.997 36.204 0l36.203 36.204c9.997 9.997 9.997 26.206 0 36.204l-294.4 294.401c-9.998 9.997-26.207 9.997-36.204-.001z\"><\/path><\/svg>\t\t\t\t\t\t<\/span>\n\t\t\t\t\t\t\t\t\t\t<span class=\"elementor-icon-list-text\">Drillingen<\/span>\n\t\t\t\t\t\t\t\t\t<\/li>\n\t\t\t\t\t\t\t\t<li class=\"elementor-icon-list-item\">\n\t\t\t\t\t\t\t\t\t\t\t<span class=\"elementor-icon-list-icon\">\n\t\t\t\t\t\t\t<svg aria-hidden=\"true\" class=\"e-font-icon-svg e-fas-check\" viewBox=\"0 0 512 512\" xmlns=\"http:\/\/www.w3.org\/2000\/svg\"><path d=\"M173.898 439.404l-166.4-166.4c-9.997-9.997-9.997-26.206 0-36.204l36.203-36.204c9.997-9.998 26.207-9.998 36.204 0L192 312.69 432.095 72.596c9.997-9.997 26.207-9.997 36.204 0l36.203 36.204c9.997 9.997 9.997 26.206 0 36.204l-294.4 294.401c-9.998 9.997-26.207 9.997-36.204-.001z\"><\/path><\/svg>\t\t\t\t\t\t<\/span>\n\t\t\t\t\t\t\t\t\t\t<span class=\"elementor-icon-list-text\">Schleifen<\/span>\n\t\t\t\t\t\t\t\t\t<\/li>\n\t\t\t\t\t\t\t\t<li class=\"elementor-icon-list-item\">\n\t\t\t\t\t\t\t\t\t\t\t<span class=\"elementor-icon-list-icon\">\n\t\t\t\t\t\t\t<svg aria-hidden=\"true\" class=\"e-font-icon-svg e-fas-check\" viewBox=\"0 0 512 512\" xmlns=\"http:\/\/www.w3.org\/2000\/svg\"><path d=\"M173.898 439.404l-166.4-166.4c-9.997-9.997-9.997-26.206 0-36.204l36.203-36.204c9.997-9.998 26.207-9.998 36.204 0L192 312.69 432.095 72.596c9.997-9.997 26.207-9.997 36.204 0l36.203 36.204c9.997 9.997 9.997 26.206 0 36.204l-294.4 294.401c-9.998 9.997-26.207 9.997-36.204-.001z\"><\/path><\/svg>\t\t\t\t\t\t<\/span>\n\t\t\t\t\t\t\t\t\t\t<span class=\"elementor-icon-list-text\">Aufbohren<\/span>\n\t\t\t\t\t\t\t\t\t<\/li>\n\t\t\t\t\t\t<\/ul>\n\t\t\t\t<\/div>\n\t\t\t\t<\/div>\n\t\t\t\t<\/div>\n\t\t\t\t<\/div>\n\t\t\t\t<div class=\"elementor-element elementor-element-5836c16 elementor-widget elementor-widget-custom-title-addons\" data-id=\"5836c16\" data-element_type=\"widget\" data-widget_type=\"custom-title-addons.default\">\n\t\t\t\t<div class=\"elementor-widget-container\">\n\t\t\t<div class=\"tpc-double_heading\"><h3 class=\"dbl__title-wrapper\"><span class=\"dbl__title dbl-title_1\">Fertigungsf\u00e4higkeiten von SMW\n\n\n\n\n\n\n\n\n<\/span><\/h3><\/div>\t\t<\/div>\n\t\t\t\t<\/div>\n\t\t\t\t<div class=\"elementor-element elementor-element-4aaaad7 elementor-widget elementor-widget-text-editor\" data-id=\"4aaaad7\" data-element_type=\"widget\" data-widget_type=\"text-editor.default\">\n\t\t\t\t<div class=\"elementor-widget-container\">\n\t\t\t\t\t\t\t<p>Unten finden Sie unsere spezifizierten Fertigungsm\u00f6glichkeiten:<\/p>\t\t\t\t\t\t<\/div>\n\t\t\t\t<\/div>\n\t\t\t\t<div class=\"elementor-element elementor-element-5beccfa elementor-invisible elementor-widget elementor-widget-techwix-accordion\" data-id=\"5beccfa\" data-element_type=\"widget\" data-settings=\"{&quot;_animation&quot;:&quot;techwix--slide-up&quot;}\" data-widget_type=\"techwix-accordion.default\">\n\t\t\t\t<div class=\"elementor-widget-container\">\n\t\t\t<div class=\"accordion\" data-settings=\"{&quot;accordion_id&quot;:&quot;5beccfa&quot;}\" data-close-all=\"false\" data-open-item=\"0\"><div class=\"single_accordion techwix-icon-align-right\"><div class=\"techwix-accordion-header techwix-accordion-header5beccfa\"><h4 class=\"accordion-title\" >CNC-Fr\u00e4sen<\/h4><span class=\"accordion-icon icon-right\"><\/span><\/div><div class=\"accordion-body accordion-body5beccfa\"><div class=\"accordion-content\"><ul>\n<li>Fahrwege - 2300 x 1000 x 850 mm<\/li>\n<li>Fahrwege - 1270 x 610 x 720 mm<\/li>\n<li>Fahrwege - 1060 x 620 x 620 mm<\/li>\n<li>Fahrwege - 560 x 400 x 350 mm<\/li>\n<li>Fahrwege - 1450 x 300 x 700 mm<\/li>\n<\/ul><\/div><\/div><\/div><div class=\"single_accordion techwix-icon-align-right\"><div class=\"techwix-accordion-header techwix-accordion-header5beccfa\"><h4 class=\"accordion-title\" >CNC soustru\u017een\u00ed<\/h4><span class=\"accordion-icon icon-right\"><\/span><\/div><div class=\"accordion-body accordion-body5beccfa\"><div class=\"accordion-content\"><ul>\n<li>Drehen L\u00e4nge \/ max. \u00d8 aus Stange - 535 \/ 75 mm (2 Stk.)<\/li>\n<li>Drehen L\u00e4nge \/ max. \u00d8 aus Stange - 470 \/ 51 mm<\/li>\n<li>Drehen L\u00e4nge \/ max. \u00d8 aus Stange - 535 \/ 75 mm (mit angetriebenen Werkzeugen)<\/li>\n<li>Drehen L\u00e4nge \/ max. \u00d8 aus Stange - 435 \/ 65 mm (mit angetriebenen Werkzeugen und Gegenspindel, automatischer Ladeeinrichtung)<\/li>\n<\/ul><\/div><\/div><\/div><div class=\"single_accordion techwix-icon-align-right\"><div class=\"techwix-accordion-header techwix-accordion-header5beccfa\"><h4 class=\"accordion-title\" >Schleifen<\/h4><span class=\"accordion-icon icon-right\"><\/span><\/div><div class=\"accordion-body accordion-body5beccfa\"><div class=\"accordion-content\"><ul>\n<li>bruska na plocho - st\u016fl 1500 x 300, max. v\u00fd\u0161ka 350 mm<\/li>\n<li>profilov\u00e1 bruska na plocho - st\u016fl 600 x 200 mm, max. v\u00fd\u0161ka 500 mm<\/li>\n<li>sou\u0159adnicov\u00e1 bruska \u2013 rozjezdy 400 x 254 x 340 mm<\/li>\n<li>n\u00e1strojov\u00e1 bruska \u2013 st\u016fl 900 x 150 mm<\/li>\n<\/ul><\/div><\/div><\/div><div class=\"single_accordion techwix-icon-align-right\"><div class=\"techwix-accordion-header techwix-accordion-header5beccfa\"><h4 class=\"accordion-title\" >Elektroerosive Bearbeitung<\/h4><span class=\"accordion-icon icon-right\"><\/span><\/div><div class=\"accordion-body accordion-body5beccfa\"><div class=\"accordion-content\"><ul>\n<li>Drahtschneiden \u2013 Verfahrweg 320 x 220 x 320 mm<\/li>\n<li>Senken \u2013 Verfahrweg 320 x 220 x 320 mm<\/li>\n<\/ul><\/div><\/div><\/div><\/div>\t\t<\/div>\n\t\t\t\t<\/div>\n\t\t\t\t<\/div>\n\t\t<div class=\"elementor-element elementor-element-447fa99 e-con-full e-transform e-flex e-con e-child\" data-id=\"447fa99\" data-element_type=\"container\" data-settings=\"{&quot;_transform_translateY_effect&quot;:{&quot;unit&quot;:&quot;px&quot;,&quot;size&quot;:70,&quot;sizes&quot;:[]},&quot;_transform_translateX_effect&quot;:{&quot;unit&quot;:&quot;px&quot;,&quot;size&quot;:&quot;&quot;,&quot;sizes&quot;:[]},&quot;_transform_translateX_effect_tablet&quot;:{&quot;unit&quot;:&quot;px&quot;,&quot;size&quot;:&quot;&quot;,&quot;sizes&quot;:[]},&quot;_transform_translateX_effect_mobile&quot;:{&quot;unit&quot;:&quot;px&quot;,&quot;size&quot;:&quot;&quot;,&quot;sizes&quot;:[]},&quot;_transform_translateY_effect_tablet&quot;:{&quot;unit&quot;:&quot;px&quot;,&quot;size&quot;:&quot;&quot;,&quot;sizes&quot;:[]},&quot;_transform_translateY_effect_mobile&quot;:{&quot;unit&quot;:&quot;px&quot;,&quot;size&quot;:&quot;&quot;,&quot;sizes&quot;:[]}}\">\n\t\t<div class=\"elementor-element elementor-element-8c03f57 e-con-full e-flex e-con e-child\" data-id=\"8c03f57\" data-element_type=\"container\">\n\t\t\t\t<div class=\"elementor-element elementor-element-d3b05f8 elementor-widget elementor-widget-custom-title-addons\" data-id=\"d3b05f8\" data-element_type=\"widget\" data-widget_type=\"custom-title-addons.default\">\n\t\t\t\t<div class=\"elementor-widget-container\">\n\t\t\t<div class=\"tpc-double_heading\"><h3 class=\"dbl__title-wrapper\"><span class=\"dbl__title dbl-title_1\">Unsere Dienstleistungen<\/span><\/h3><\/div>\t\t<\/div>\n\t\t\t\t<\/div>\n\t\t\t\t<div class=\"elementor-element elementor-element-94e09f6 elementor-widget elementor-widget-techwix-menu-list\" data-id=\"94e09f6\" data-element_type=\"widget\" data-widget_type=\"techwix-menu-list.default\">\n\t\t\t\t<div class=\"elementor-widget-container\">\n\t\t\t<div class=\"techwix-el-single-depth-menu\"><nav class=\"techwix-el-menu-list\"><ul id=\"menu-1-94e09f6\" class=\"techwix-nav-dropdown-menu\"><li id=\"menu-item-15658\" class=\"menu-item menu-item-type-post_type menu-item-object-page menu-item-15658\"><a href=\"https:\/\/smwe.cz\/de\/metallbearbeitung\/\">Metallbearbeitung<\/a><\/li>\n<li id=\"menu-item-15657\" class=\"menu-item menu-item-type-post_type menu-item-object-page menu-item-15657\"><a href=\"https:\/\/smwe.cz\/de\/automatisierung\/\">Automatisierung<\/a><\/li>\n<li id=\"menu-item-16188\" class=\"menu-item menu-item-type-post_type menu-item-object-page menu-item-16188\"><a href=\"https:\/\/smwe.cz\/de\/spritzgiesen\/\">Spritzgie\u00dfen von Kunststoffen<\/a><\/li>\n<li id=\"menu-item-16189\" class=\"menu-item menu-item-type-custom menu-item-object-custom menu-item-16189\"><a target=\"_blank\" href=\"https:\/\/www.elvuz.cz\/\">Elektrowagen<\/a><\/li>\n<\/ul><\/nav><\/div>\t\t<\/div>\n\t\t\t\t<\/div>\n\t\t\t\t<\/div>\n\t\t<div class=\"elementor-element elementor-element-878f2b1 e-con-full e-flex e-con e-child\" data-id=\"878f2b1\" data-element_type=\"container\" data-settings=\"{&quot;background_background&quot;:&quot;classic&quot;}\">\n\t\t\t\t<div class=\"elementor-element elementor-element-8b68b12 elementor-widget elementor-widget-custom-title-addons\" data-id=\"8b68b12\" data-element_type=\"widget\" data-widget_type=\"custom-title-addons.default\">\n\t\t\t\t<div class=\"elementor-widget-container\">\n\t\t\t<div class=\"tpc-double_heading\"><h3 class=\"dbl__title-wrapper\"><span class=\"dbl__title dbl-title_1\">Haben Sie Fragen zu unseren Dienstleistungen? Z\u00f6gern Sie nicht, uns zu kontaktieren.\n\n\n\n\n\n\n\n\n<\/span><\/h3><\/div>\t\t<\/div>\n\t\t\t\t<\/div>\n\t\t\t\t<div class=\"elementor-element elementor-element-9e77573 elementor-widget elementor-widget-techwix-button\" data-id=\"9e77573\" data-element_type=\"widget\" data-widget_type=\"techwix-button.default\">\n\t\t\t\t<div class=\"elementor-widget-container\">\n\t\t\t<div class=\"techwix-button-widget-wrapper\"><a class=\"techwix-btn techwix-btn-size-medium style-1\" href=\"https:\/\/de.smwcnc.cz\/kontakt\/\">Kontaktieren Sie uns.<\/a><\/div>\t\t<\/div>\n\t\t\t\t<\/div>\n\t\t\t\t<\/div>\n\t\t\t\t<\/div>\n\t\t\t\t\t<\/div>\n\t\t\t\t<\/div>\n\t\t\t\t<\/div>\n\t\t","protected":false},"excerpt":{"rendered":"<p>Metallbearbeitung Die Firma System Management Welfare s.r.o. bietet Dienstleistungen im Bereich der Metallbearbeitung an. Wir fertigen Teile nach Zeichnungen, Skizzen oder Mustern. Falls erforderlich, erstellen unsere Spezialisten Zeichnungs- und Technologiedokumentationen, die als Grundlage f\u00fcr die Metallproduktion dienen. Wir bieten sowohl Massen- und Serienproduktion als auch Einzelst\u00fcckfertigung an. Wir bieten auch weitere Metallbearbeitungsm\u00f6glichkeiten an: Drehen Fr\u00e4sen&#8230;<\/p>\n","protected":false},"author":1,"featured_media":0,"parent":0,"menu_order":0,"comment_status":"closed","ping_status":"closed","template":"","meta":{"footnotes":""},"class_list":["post-4431","page","type-page","status-publish","hentry"],"_links":{"self":[{"href":"https:\/\/smwe.cz\/de\/wp-json\/wp\/v2\/pages\/4431","targetHints":{"allow":["GET"]}}],"collection":[{"href":"https:\/\/smwe.cz\/de\/wp-json\/wp\/v2\/pages"}],"about":[{"href":"https:\/\/smwe.cz\/de\/wp-json\/wp\/v2\/types\/page"}],"author":[{"embeddable":true,"href":"https:\/\/smwe.cz\/de\/wp-json\/wp\/v2\/users\/1"}],"replies":[{"embeddable":true,"href":"https:\/\/smwe.cz\/de\/wp-json\/wp\/v2\/comments?post=4431"}],"version-history":[{"count":28,"href":"https:\/\/smwe.cz\/de\/wp-json\/wp\/v2\/pages\/4431\/revisions"}],"predecessor-version":[{"id":16141,"href":"https:\/\/smwe.cz\/de\/wp-json\/wp\/v2\/pages\/4431\/revisions\/16141"}],"wp:attachment":[{"href":"https:\/\/smwe.cz\/de\/wp-json\/wp\/v2\/media?parent=4431"}],"curies":[{"name":"wp","href":"https:\/\/api.w.org\/{rel}","templated":true}]}}